{"id":117,"date":"2023-06-29T10:16:21","date_gmt":"2023-06-29T09:16:21","guid":{"rendered":"https:\/\/italientraum.eu\/index.php\/about\/"},"modified":"2025-05-06T14:04:06","modified_gmt":"2025-05-06T13:04:06","slug":"about","status":"publish","type":"page","link":"https:\/\/italientraum.eu\/index.php\/about\/","title":{"rendered":"6"},"content":{"rendered":"\n<p><strong>Peter Grey<\/strong><\/p>\n\n\n<div class=\"wp-block-image\">\n<figure class=\"aligncenter size-large\"><img fetchpriority=\"high\" decoding=\"async\" width=\"683\" height=\"1024\" src=\"https:\/\/italientraum.eu\/wp-content\/uploads\/2023\/08\/Peter-Grey-Profile--683x1024.jpg\" alt=\"\" class=\"wp-image-265\" srcset=\"https:\/\/italientraum.eu\/wp-content\/uploads\/2023\/08\/Peter-Grey-Profile--683x1024.jpg 683w, https:\/\/italientraum.eu\/wp-content\/uploads\/2023\/08\/Peter-Grey-Profile--200x300.jpg 200w, https:\/\/italientraum.eu\/wp-content\/uploads\/2023\/08\/Peter-Grey-Profile--768x1152.jpg 768w, https:\/\/italientraum.eu\/wp-content\/uploads\/2023\/08\/Peter-Grey-Profile--1024x1536.jpg 1024w, https:\/\/italientraum.eu\/wp-content\/uploads\/2023\/08\/Peter-Grey-Profile--1365x2048.jpg 1365w, https:\/\/italientraum.eu\/wp-content\/uploads\/2023\/08\/Peter-Grey-Profile--1568x2352.jpg 1568w, https:\/\/italientraum.eu\/wp-content\/uploads\/2023\/08\/Peter-Grey-Profile--scaled.jpg 1707w\" sizes=\"(max-width: 683px) 100vw, 683px\" \/><figcaption class=\"wp-element-caption\">Peter Grey<\/figcaption><\/figure>\n<\/div>\n\n\n<p>Der ehemalige Salesmanager aus Sheffield \/ England kam  2007 nach Piemont und kennt diese Gegend wie seine Westentasche. Die Idee, irgendwann nach Sizilien \u201eauszwandern\u201c ist l\u00e4ngst aufgegeben wegen der unglaublich hei\u00dfen Sommer im S\u00fcden; im n\u00f6rdlichen Klima und k\u00fchlen H\u00e4usern dagegen l\u00e4sst es sich in Piemont auch im Sommer gut aushalten.<\/p>\n\n\n\n<p>Er besa\u00df H\u00e4user in England, jetzt besitzt er eines in Norditalien.<\/p>\n\n\n\n<p><\/p>\n\n\n\n<p><strong>Christiane Heuermann<\/strong><\/p>\n\n\n<div class=\"wp-block-image\">\n<figure class=\"aligncenter size-large\"><img decoding=\"async\" width=\"683\" height=\"1024\" src=\"https:\/\/italientraum.eu\/wp-content\/uploads\/2023\/08\/Christiane-Heuermann-683x1024.jpg\" alt=\"\" class=\"wp-image-267\" srcset=\"https:\/\/italientraum.eu\/wp-content\/uploads\/2023\/08\/Christiane-Heuermann-683x1024.jpg 683w, https:\/\/italientraum.eu\/wp-content\/uploads\/2023\/08\/Christiane-Heuermann-200x300.jpg 200w, https:\/\/italientraum.eu\/wp-content\/uploads\/2023\/08\/Christiane-Heuermann-768x1152.jpg 768w, https:\/\/italientraum.eu\/wp-content\/uploads\/2023\/08\/Christiane-Heuermann-1024x1536.jpg 1024w, https:\/\/italientraum.eu\/wp-content\/uploads\/2023\/08\/Christiane-Heuermann-1365x2048.jpg 1365w, https:\/\/italientraum.eu\/wp-content\/uploads\/2023\/08\/Christiane-Heuermann-1568x2352.jpg 1568w, https:\/\/italientraum.eu\/wp-content\/uploads\/2023\/08\/Christiane-Heuermann-scaled.jpg 1707w\" sizes=\"(max-width: 683px) 100vw, 683px\" \/><figcaption class=\"wp-element-caption\">Christiane Heuermann<\/figcaption><\/figure>\n<\/div>\n\n\n<p>Die ehemalige Sprachenlehrerin und Projektentwicklerin aus L\u00fcbeck\/ Deutschland hat in Neapel und Rom gearbeitet und ist in ganz Italien gereist. F\u00fcr das \u201eNordlicht\u201c hat die bergige Region Piemont -Monferratos ihren ganz eigenen Charme.<\/p>\n\n\n\n<p>Sie besa\u00df als bekennende Cosmopolitin kein Haus in Deutschland, investierte lieber in die mobile Variante eines Tiny House.<\/p>\n\n\n\n<p>Jetzt besitzt sie ein Haus in Norditalien.<\/p>\n\n\n\n<p><\/p>\n\n\n\n<p>Beide sind erfolgreich angekommen im internationalen <em>House Finding  Buying &amp; Management <\/em>und haben ihre Sp\u00fcrnase immer dort, wo leerstehende H\u00e4user sind.&nbsp; Diese werden seltener \u00fcber Agenturen angeboten, weil es nicht unbedingt der italienischen Mentalit\u00e4t entspricht, Familienh\u00e4user aus alter Tradition zu ver\u00e4u\u00dfern. Stellt man aber Nachforschungen an und kommt ins Gespr\u00e4ch, sind die Besitzer doch an einem Verkauf ihrer Immobilie interessiert und dies zu einem unglaublich moderaten Preis &#8211; einiges Verhandlungsgeschick und viel, viel Geduld vorausgesetzt. Italien hat seine ganz eigene Auffassung von Zeit.<\/p>\n\n\n\n<figure class=\"wp-block-image size-large\"><img decoding=\"async\" width=\"1024\" height=\"683\" src=\"https:\/\/italientraum.eu\/wp-content\/uploads\/2023\/08\/Haus-zu-verkaufen-in-Graziano-1024x683.jpg\" alt=\"\" class=\"wp-image-272\" srcset=\"https:\/\/italientraum.eu\/wp-content\/uploads\/2023\/08\/Haus-zu-verkaufen-in-Graziano-1024x683.jpg 1024w, https:\/\/italientraum.eu\/wp-content\/uploads\/2023\/08\/Haus-zu-verkaufen-in-Graziano-300x200.jpg 300w, https:\/\/italientraum.eu\/wp-content\/uploads\/2023\/08\/Haus-zu-verkaufen-in-Graziano-768x512.jpg 768w, https:\/\/italientraum.eu\/wp-content\/uploads\/2023\/08\/Haus-zu-verkaufen-in-Graziano-1536x1024.jpg 1536w, https:\/\/italientraum.eu\/wp-content\/uploads\/2023\/08\/Haus-zu-verkaufen-in-Graziano-2048x1365.jpg 2048w, https:\/\/italientraum.eu\/wp-content\/uploads\/2023\/08\/Haus-zu-verkaufen-in-Graziano-1568x1045.jpg 1568w\" sizes=\"(max-width: 1024px) 100vw, 1024px\" \/><figcaption class=\"wp-element-caption\">Wir suchen das Gespr\u00e4ch mit den Einheimischen <\/figcaption><\/figure>\n\n\n\n<p>Gleichzeitig sichten sie offizielle Listen &amp; Angebote und erstellen immer aktuell eine gut sortierte Auswahl der verschiedensten Haus-und Grundst\u00fcckstypen dieser Gegend.<\/p>\n\n\n\n<p>Diese Online- Recherche erweist sich manches Mal als tricky: man st\u00f6\u00dft immer wieder auf sehr sp\u00e4rliche oder auch fehlleitende Informationen \u00fcber das zu erwerbende Objekt, unzureichende oder unscharfe Fotos etc. etc. An dieser Stelle ist Sp\u00fcrsinn gefragt, um f\u00fcr Sie bessere Informationen zu beschaffen und zwar schon im Vorhinein, bevor Sie sich in ein Haus `verlieben\u00b4.<\/p>\n\n\n\n<p>Das beugt Entt\u00e4uschungen vor und sichert Ihr Anlagekapital!<\/p>\n\n\n\n<p><\/p>\n\n\n\n<p>Hier kommen wir also f\u00fcr Sie ins Spiel: Wir helfen unseren Kunden, das richtige Haus am richtigen Ort zu finden und wir erleichtern, steuern und unterst\u00fctzen vor Ort und in der Landessprache den gesamten Kaufprozess.<\/p>\n\n\n\n<p>Zus\u00e4tzlich bieten wir eine umfassende Palette an weiteren Serviceleistungen.<\/p>\n\n\n\n<p>Nehmen Sie sich die Zeit, diese in Ruhe zu studieren. Unser Bem\u00fchen ist es, etwaige Komplikationen schon im Vorhinein auszuschlie\u00dfen, diverse b\u00fcrokratische Abl\u00e4ufe zu erleichtern und viel Geld und Zeit f\u00fcr Sie zu sparen.<\/p>\n\n\n\n<p>Wir freuen uns auf Ihr Interesse und ihre ganz pers\u00f6nlichen Anliegen!<\/p>\n\n\n\n<p>Hausmanagement&nbsp;<a rel=\"noreferrer noopener\" href=\"https:\/\/greytek.eu\/\" target=\"_blank\">www.greytek.eu<\/a><\/p>\n\n\n\n<p>YouTube <a rel=\"noreferrer noopener\" href=\"https:\/\/www.youtube.com\/@Italientraum\" data-type=\"link\" data-id=\"https:\/\/www.youtube.com\/@Italientraum\" target=\"_blank\">@italientraum<\/a><\/p>\n\n\n\n<p>Instagram&nbsp;<a rel=\"noreferrer noopener\" href=\"https:\/\/www.instagram.com\/italientraum\/\" target=\"_blank\">@italientraum<\/a><\/p>\n\n\n\n<p>Facebook&nbsp;<a href=\"https:\/\/www.facebook.com\/profile.php?id=100093664266128\" target=\"_blank\" rel=\"noreferrer noopener\">italientraum<\/a><\/p>\n","protected":false},"excerpt":{"rendered":"<p>Peter Grey Der ehemalige Salesmanager aus Sheffield \/ England kam 2007 nach Piemont und kennt diese Gegend wie seine Westentasche. Die Idee, irgendwann nach Sizilien \u201eauszwandern\u201c ist l\u00e4ngst aufgegeben wegen der unglaublich hei\u00dfen Sommer im S\u00fcden; im n\u00f6rdlichen Klima und k\u00fchlen H\u00e4usern dagegen l\u00e4sst es sich in Piemont auch im Sommer gut aushalten. Er besa\u00df [&hellip;]<\/p>\n","protected":false},"author":1,"featured_media":0,"parent":0,"menu_order":0,"comment_status":"closed","ping_status":"closed","template":"","meta":{"ocean_post_layout":"","ocean_both_sidebars_style":"","ocean_both_sidebars_content_width":0,"ocean_both_sidebars_sidebars_width":0,"ocean_sidebar":"","ocean_second_sidebar":"","ocean_disable_margins":"enable","ocean_add_body_class":"","ocean_shortcode_before_top_bar":"","ocean_shortcode_after_top_bar":"","ocean_shortcode_before_header":"","ocean_shortcode_after_header":"","ocean_has_shortcode":"","ocean_shortcode_after_title":"","ocean_shortcode_before_footer_widgets":"","ocean_shortcode_after_footer_widgets":"","ocean_shortcode_before_footer_bottom":"","ocean_shortcode_after_footer_bottom":"","ocean_display_top_bar":"default","ocean_display_header":"default","ocean_header_style":"","ocean_center_header_left_menu":"","ocean_custom_header_template":"","ocean_custom_logo":0,"ocean_custom_retina_logo":0,"ocean_custom_logo_max_width":0,"ocean_custom_logo_tablet_max_width":0,"ocean_custom_logo_mobile_max_width":0,"ocean_custom_logo_max_height":0,"ocean_custom_logo_tablet_max_height":0,"ocean_custom_logo_mobile_max_height":0,"ocean_header_custom_menu":"","ocean_menu_typo_font_family":"","ocean_menu_typo_font_subset":"","ocean_menu_typo_font_size":0,"ocean_menu_typo_font_size_tablet":0,"ocean_menu_typo_font_size_mobile":0,"ocean_menu_typo_font_size_unit":"px","ocean_menu_typo_font_weight":"","ocean_menu_typo_font_weight_tablet":"","ocean_menu_typo_font_weight_mobile":"","ocean_menu_typo_transform":"","ocean_menu_typo_transform_tablet":"","ocean_menu_typo_transform_mobile":"","ocean_menu_typo_line_height":0,"ocean_menu_typo_line_height_tablet":0,"ocean_menu_typo_line_height_mobile":0,"ocean_menu_typo_line_height_unit":"","ocean_menu_typo_spacing":0,"ocean_menu_typo_spacing_tablet":0,"ocean_menu_typo_spacing_mobile":0,"ocean_menu_typo_spacing_unit":"","ocean_menu_link_color":"","ocean_menu_link_color_hover":"","ocean_menu_link_color_active":"","ocean_menu_link_background":"","ocean_menu_link_hover_background":"","ocean_menu_link_active_background":"","ocean_menu_social_links_bg":"","ocean_menu_social_hover_links_bg":"","ocean_menu_social_links_color":"","ocean_menu_social_hover_links_color":"","ocean_disable_title":"default","ocean_disable_heading":"default","ocean_post_title":"","ocean_post_subheading":"","ocean_post_title_style":"","ocean_post_title_background_color":"","ocean_post_title_background":0,"ocean_post_title_bg_image_position":"","ocean_post_title_bg_image_attachment":"","ocean_post_title_bg_image_repeat":"","ocean_post_title_bg_image_size":"","ocean_post_title_height":0,"ocean_post_title_bg_overlay":0.5,"ocean_post_title_bg_overlay_color":"","ocean_disable_breadcrumbs":"default","ocean_breadcrumbs_color":"","ocean_breadcrumbs_separator_color":"","ocean_breadcrumbs_links_color":"","ocean_breadcrumbs_links_hover_color":"","ocean_display_footer_widgets":"default","ocean_display_footer_bottom":"default","ocean_custom_footer_template":"","footnotes":""},"class_list":["post-117","page","type-page","status-publish","hentry","entry"],"_links":{"self":[{"href":"https:\/\/italientraum.eu\/index.php\/wp-json\/wp\/v2\/pages\/117","targetHints":{"allow":["GET"]}}],"collection":[{"href":"https:\/\/italientraum.eu\/index.php\/wp-json\/wp\/v2\/pages"}],"about":[{"href":"https:\/\/italientraum.eu\/index.php\/wp-json\/wp\/v2\/types\/page"}],"author":[{"embeddable":true,"href":"https:\/\/italientraum.eu\/index.php\/wp-json\/wp\/v2\/users\/1"}],"replies":[{"embeddable":true,"href":"https:\/\/italientraum.eu\/index.php\/wp-json\/wp\/v2\/comments?post=117"}],"version-history":[{"count":17,"href":"https:\/\/italientraum.eu\/index.php\/wp-json\/wp\/v2\/pages\/117\/revisions"}],"predecessor-version":[{"id":335,"href":"https:\/\/italientraum.eu\/index.php\/wp-json\/wp\/v2\/pages\/117\/revisions\/335"}],"wp:attachment":[{"href":"https:\/\/italientraum.eu\/index.php\/wp-json\/wp\/v2\/media?parent=117"}],"curies":[{"name":"wp","href":"https:\/\/api.w.org\/{rel}","templated":true}]}}