{"id":119,"date":"2023-06-29T10:16:21","date_gmt":"2023-06-29T09:16:21","guid":{"rendered":"https:\/\/italientraum.eu\/index.php\/services\/"},"modified":"2025-05-06T14:03:43","modified_gmt":"2025-05-06T13:03:43","slug":"services","status":"publish","type":"page","link":"https:\/\/italientraum.eu\/index.php\/services\/","title":{"rendered":"2"},"content":{"rendered":"\n<p>Wir bieten pers\u00f6nliche Immobilieneintr\u00e4ge mit vergleichsweise niedrigen Immobilienpreisen, denn sie liegen deutlich unter denen in den bekannteren Nachbarorten Toskana, Umbrien, Aamalfik\u00fcste und den Seen Lago Como, Lago Maggiore und Lago Orta.<\/p>\n\n\n\n<figure class=\"wp-block-image size-large is-resized\"><img fetchpriority=\"high\" decoding=\"async\" src=\"https:\/\/italientraum.eu\/wp-content\/uploads\/2023\/08\/IMG_01E1BB717F5E-1-626x1024.jpeg\" alt=\"\" class=\"wp-image-215\" style=\"width:500px;height:818px\" width=\"500\" height=\"818\" srcset=\"https:\/\/italientraum.eu\/wp-content\/uploads\/2023\/08\/IMG_01E1BB717F5E-1-626x1024.jpeg 626w, https:\/\/italientraum.eu\/wp-content\/uploads\/2023\/08\/IMG_01E1BB717F5E-1-183x300.jpeg 183w, https:\/\/italientraum.eu\/wp-content\/uploads\/2023\/08\/IMG_01E1BB717F5E-1-768x1256.jpeg 768w, https:\/\/italientraum.eu\/wp-content\/uploads\/2023\/08\/IMG_01E1BB717F5E-1.jpeg 828w\" sizes=\"(max-width: 500px) 100vw, 500px\" \/><\/figure>\n\n\n\n<p>Viele nennen diese Gegend mittlerweile den besten Ort in Italien, um ein Haus zu kaufen.<\/p>\n\n\n\n<p><\/p>\n\n\n\n<p>Dazu bieten wir folgende Dienstleistungen an:<\/p>\n\n\n\n<ul class=\"wp-block-list\">\n<li>Umfangreiche Recherche mit kriteriengerechten Angeboten von Immobilien<\/li>\n\n\n\n<li>Online-Erstgespr\u00e4ch (Videokonferenz) oder Treffen zu einem pers\u00f6nlichen Beratungsgespr\u00e4ch hier bei uns in Italien.<\/li>\n\n\n\n<li>Videoaufzeichnung, bzw. Online &#8211; F\u00fchrungen                          (Haus\/ Grundst\u00fcck\/ Infrastruktur\/ Umgebung)<\/li>\n\n\n\n<li>Vermittlung von Kontakten zu italienischen Handelsvertretern, Geometras, Notaren, Versicherungsvertretern, Bauunternehmern &amp; Handwerkern unseres Vertrauens.<\/li>\n\n\n\n<li>Organisation &amp; Koordinierung von Besichtigungsterminen unter unserer F\u00fchrung.<\/li>\n<\/ul>\n\n\n\n<figure class=\"wp-block-image size-large\"><img decoding=\"async\" width=\"1024\" height=\"683\" src=\"https:\/\/italientraum.eu\/wp-content\/uploads\/2023\/08\/Moncalvo-1024x683.jpg\" alt=\"\" class=\"wp-image-269\" srcset=\"https:\/\/italientraum.eu\/wp-content\/uploads\/2023\/08\/Moncalvo-1024x683.jpg 1024w, https:\/\/italientraum.eu\/wp-content\/uploads\/2023\/08\/Moncalvo-300x200.jpg 300w, https:\/\/italientraum.eu\/wp-content\/uploads\/2023\/08\/Moncalvo-768x512.jpg 768w, https:\/\/italientraum.eu\/wp-content\/uploads\/2023\/08\/Moncalvo-1536x1024.jpg 1536w, https:\/\/italientraum.eu\/wp-content\/uploads\/2023\/08\/Moncalvo-2048x1365.jpg 2048w, https:\/\/italientraum.eu\/wp-content\/uploads\/2023\/08\/Moncalvo-1568x1045.jpg 1568w\" sizes=\"(max-width: 1024px) 100vw, 1024px\" \/><\/figure>\n\n\n\n<p>Wenn wir Ihr Haus gefunden haben, begleiten wir Sie weiterhin gerne bei diesem zeit &#8211; und dokumentensensiblen Prozess, der sich in fast jeder Hinsicht von dem unterscheidet, was Sie von zu Hause gew\u00f6hnt sind. Italiener verhandeln auf ihre charmante, aber sehr individuelle Art &amp; Weise und die italienische B\u00fcrokratie stellt&nbsp;so manche Herausforderung, die unser Team mit Erfahrung und Verhandlungsgeschick in Ihrem Sinne meistern wird.<\/p>\n\n\n\n<p>Wir nehmen Ihnen die Sorgen, die mit dem Besitz eines Hauses und Grundst\u00fcckes einhergehen und sind da, wenn Sie es nicht sein k\u00f6nnen.<\/p>\n\n\n\n<p><\/p>\n\n\n\n<p>Fast substantiell ist an dieser Stelle die Vermittlung professioneller Geometra &#8211; Dienstleistungen:&nbsp;<\/p>\n\n\n\n<figure class=\"wp-block-image size-full\"><img decoding=\"async\" width=\"540\" height=\"359\" src=\"https:\/\/italientraum.eu\/wp-content\/uploads\/2023\/08\/Dienste-Geometra.jpeg\" alt=\"\" class=\"wp-image-279\" srcset=\"https:\/\/italientraum.eu\/wp-content\/uploads\/2023\/08\/Dienste-Geometra.jpeg 540w, https:\/\/italientraum.eu\/wp-content\/uploads\/2023\/08\/Dienste-Geometra-300x199.jpeg 300w\" sizes=\"(max-width: 540px) 100vw, 540px\" \/><\/figure>\n\n\n\n<p>Von Struktur- und Planinspektionen vor dem Kauf bis hin zu Renovierungen nach dem Kauf erledigen unsere lizensierten und erfahrenen deutschsprachigen Geometras<\/p>\n\n\n\n<ol class=\"wp-block-list\" type=\"1\">\n<li>Inspektionen vor Ort<\/li>\n\n\n\n<li>Eigentums\u00fcberpr\u00fcfung und Plancheck<\/li>\n\n\n\n<li>Projektmanagement: Bauvorhaben\/ Restaurierungen \/ Renovierungen<\/li>\n\n\n\n<li>Ausstellung von Vollmachten<\/li>\n\n\n\n<li>Angebote und Policen f\u00fcr Hausratsversicherungen.<\/li>\n<\/ol>\n\n\n\n<p>Wir verwalten, sichern und beaufsichtigen Ihren pers\u00f6nlichen Haustraum in <em>Bella Italia<\/em> und treiben ihre Pl\u00e4ne und finanziellen Vorhaben energisch voran.<\/p>\n\n\n\n<p>Schenken Sie uns ihr Vertrauen!<\/p>\n\n\n\n<p>Hausmanagement&nbsp;<a rel=\"noreferrer noopener\" href=\"https:\/\/greytek.eu\/\" target=\"_blank\">www.greytek.eu<\/a><\/p>\n\n\n\n<p>YouTube <a href=\"https:\/\/www.youtube.com\/@Italientraum\" data-type=\"link\" data-id=\"https:\/\/www.youtube.com\/@Italientraum\" target=\"_blank\" rel=\"noreferrer noopener\">@italientraum<\/a><\/p>\n\n\n\n<p>Instagram&nbsp;<a rel=\"noreferrer noopener\" href=\"https:\/\/www.instagram.com\/italientraum\/\" target=\"_blank\">@italientraum<\/a><\/p>\n\n\n\n<p>Facebook&nbsp;<a href=\"https:\/\/www.facebook.com\/profile.php?id=100093664266128\" target=\"_blank\" rel=\"noreferrer noopener\">italientraum<\/a><\/p>\n","protected":false},"excerpt":{"rendered":"<p>Wir bieten pers\u00f6nliche Immobilieneintr\u00e4ge mit vergleichsweise niedrigen Immobilienpreisen, denn sie liegen deutlich unter denen in den bekannteren Nachbarorten Toskana, Umbrien, Aamalfik\u00fcste und den Seen Lago Como, Lago Maggiore und Lago Orta. Viele nennen diese Gegend mittlerweile den besten Ort in Italien, um ein Haus zu kaufen. Dazu bieten wir folgende Dienstleistungen an: Wenn wir Ihr [&hellip;]<\/p>\n","protected":false},"author":1,"featured_media":0,"parent":0,"menu_order":0,"comment_status":"closed","ping_status":"closed","template":"","meta":{"ocean_post_layout":"","ocean_both_sidebars_style":"","ocean_both_sidebars_content_width":0,"ocean_both_sidebars_sidebars_width":0,"ocean_sidebar":"","ocean_second_sidebar":"","ocean_disable_margins":"enable","ocean_add_body_class":"","ocean_shortcode_before_top_bar":"","ocean_shortcode_after_top_bar":"","ocean_shortcode_before_header":"","ocean_shortcode_after_header":"","ocean_has_shortcode":"","ocean_shortcode_after_title":"","ocean_shortcode_before_footer_widgets":"","ocean_shortcode_after_footer_widgets":"","ocean_shortcode_before_footer_bottom":"","ocean_shortcode_after_footer_bottom":"","ocean_display_top_bar":"default","ocean_display_header":"default","ocean_header_style":"","ocean_center_header_left_menu":"","ocean_custom_header_template":"","ocean_custom_logo":0,"ocean_custom_retina_logo":0,"ocean_custom_logo_max_width":0,"ocean_custom_logo_tablet_max_width":0,"ocean_custom_logo_mobile_max_width":0,"ocean_custom_logo_max_height":0,"ocean_custom_logo_tablet_max_height":0,"ocean_custom_logo_mobile_max_height":0,"ocean_header_custom_menu":"","ocean_menu_typo_font_family":"","ocean_menu_typo_font_subset":"","ocean_menu_typo_font_size":0,"ocean_menu_typo_font_size_tablet":0,"ocean_menu_typo_font_size_mobile":0,"ocean_menu_typo_font_size_unit":"px","ocean_menu_typo_font_weight":"","ocean_menu_typo_font_weight_tablet":"","ocean_menu_typo_font_weight_mobile":"","ocean_menu_typo_transform":"","ocean_menu_typo_transform_tablet":"","ocean_menu_typo_transform_mobile":"","ocean_menu_typo_line_height":0,"ocean_menu_typo_line_height_tablet":0,"ocean_menu_typo_line_height_mobile":0,"ocean_menu_typo_line_height_unit":"","ocean_menu_typo_spacing":0,"ocean_menu_typo_spacing_tablet":0,"ocean_menu_typo_spacing_mobile":0,"ocean_menu_typo_spacing_unit":"","ocean_menu_link_color":"","ocean_menu_link_color_hover":"","ocean_menu_link_color_active":"","ocean_menu_link_background":"","ocean_menu_link_hover_background":"","ocean_menu_link_active_background":"","ocean_menu_social_links_bg":"","ocean_menu_social_hover_links_bg":"","ocean_menu_social_links_color":"","ocean_menu_social_hover_links_color":"","ocean_disable_title":"default","ocean_disable_heading":"default","ocean_post_title":"","ocean_post_subheading":"","ocean_post_title_style":"","ocean_post_title_background_color":"","ocean_post_title_background":0,"ocean_post_title_bg_image_position":"","ocean_post_title_bg_image_attachment":"","ocean_post_title_bg_image_repeat":"","ocean_post_title_bg_image_size":"","ocean_post_title_height":0,"ocean_post_title_bg_overlay":0.5,"ocean_post_title_bg_overlay_color":"","ocean_disable_breadcrumbs":"default","ocean_breadcrumbs_color":"","ocean_breadcrumbs_separator_color":"","ocean_breadcrumbs_links_color":"","ocean_breadcrumbs_links_hover_color":"","ocean_display_footer_widgets":"default","ocean_display_footer_bottom":"default","ocean_custom_footer_template":"","footnotes":""},"class_list":["post-119","page","type-page","status-publish","hentry","entry"],"_links":{"self":[{"href":"https:\/\/italientraum.eu\/index.php\/wp-json\/wp\/v2\/pages\/119","targetHints":{"allow":["GET"]}}],"collection":[{"href":"https:\/\/italientraum.eu\/index.php\/wp-json\/wp\/v2\/pages"}],"about":[{"href":"https:\/\/italientraum.eu\/index.php\/wp-json\/wp\/v2\/types\/page"}],"author":[{"embeddable":true,"href":"https:\/\/italientraum.eu\/index.php\/wp-json\/wp\/v2\/users\/1"}],"replies":[{"embeddable":true,"href":"https:\/\/italientraum.eu\/index.php\/wp-json\/wp\/v2\/comments?post=119"}],"version-history":[{"count":15,"href":"https:\/\/italientraum.eu\/index.php\/wp-json\/wp\/v2\/pages\/119\/revisions"}],"predecessor-version":[{"id":331,"href":"https:\/\/italientraum.eu\/index.php\/wp-json\/wp\/v2\/pages\/119\/revisions\/331"}],"wp:attachment":[{"href":"https:\/\/italientraum.eu\/index.php\/wp-json\/wp\/v2\/media?parent=119"}],"curies":[{"name":"wp","href":"https:\/\/api.w.org\/{rel}","templated":true}]}}